{"id":1118,"date":"2019-11-07T14:09:40","date_gmt":"2019-11-07T14:09:40","guid":{"rendered":"http:\/\/motorlife.pl\/plastmal-pl\/?page_id=1118"},"modified":"2019-11-12T10:24:39","modified_gmt":"2019-11-12T10:24:39","slug":"motor-life-wielozadaniowy","status":"publish","type":"page","link":"http:\/\/motorlife.pl\/plastmal-pl\/motor-life-wielozadaniowy\/","title":{"rendered":"Motor-Life Wielozadaniowy"},"content":{"rendered":"<p>[et_pb_section fb_built=&#8221;1&#8243; _builder_version=&#8221;3.22.3&#8243; custom_padding=&#8221;||9px|||&#8221;][et_pb_row _builder_version=&#8221;3.22.3&#8243; background_size=&#8221;initial&#8221; background_position=&#8221;top_left&#8221; background_repeat=&#8221;repeat&#8221;][et_pb_column type=&#8221;4_4&#8243; _builder_version=&#8221;3.0.47&#8243;][et_pb_text _builder_version=&#8221;3.22.6&#8243; text_font_size=&#8221;16px&#8221; header_font=&#8221;||||||||&#8221; header_font_size=&#8221;44px&#8221; header_2_font=&#8221;||||||||&#8221; header_2_line_height=&#8221;1.4em&#8221;]<\/p>\n<h2><strong>MOTOR-LIFE WIELOZADANIOWY<\/strong><br \/> specjalistyczny \u015brodek smarny przeznaczony do centralnego smarowania a tak\u017ce do smarowania przez kalemitk\u0119<\/h2>\n<p>SMAR MOTOR-LIFE WIELOZADANIOWY zawiera w swojej strukturze mi\u0119dzy innymi formu\u0142\u0119 uszlachetniaj\u0105c\u0105 metal molekularnie. Formu\u0142a \u015brodka zosta\u0142a opracowana w laboratoriach wojskowych zgodnie z normami technologii militarnej.<\/p>\n<p>Uszlachetniacz metalu, znajduj\u0105cy si\u0119 w tym smarze, \u0142\u0105czy si\u0119 na poziomie molekularnym z metalem, uszlachetnia go, tworz\u0105c super trwa\u0142\u0105 siatk\u0119 molekularn\u0105 odporn\u0105 na dzia\u0142anie wysokich temperatur i du\u017cych obci\u0105\u017ce\u0144 mechanicznych (ekstremalne tarcie).<br \/> Powsta\u0142e wi\u0105zanie molekularne gwarantuje:<br \/> &#8211; zmniejszenie tarcia do minimum,<br \/> &#8211; zmniejszenie temperatury pracy oraz ha\u0142asu,<br \/> &#8211; zwi\u0119kszenie odporno\u015bci na \u015bcieranie,<br \/> &#8211; 2-\/3-krotne wyd\u0142u\u017cenie \u017cywotno\u015bci zabezpieczonych<br \/> element\u00f3w.<\/p>\n<p>ZASTOSOWANIE<br \/> Smar przeznaczony do centralnego smarowania a tak\u017ce do smarowania przez kalemitk\u0119. Stosowany w kopalniach (w\u0119gla, miedzi, kruszyw, \u017cwiru), motoryzacji, maszynach budowlanych, maszynach rolniczych, elektronarz\u0119dziach itp.<br \/> Przeznaczony do smarowania: \u0142o\u017cysk tocznych i \u015blizgowych, przegub\u00f3w, prowadnic, tulei, sworzni itp.<br \/> Smar zapewnia odporno\u015b\u0107 na zu\u017cycie, odporno\u015b\u0107 na wymywanie wod\u0105, sta\u0142o\u015b\u0107 w\u0142asno\u015bci roboczych, stabilno\u015b\u0107 \u015bcinania, kompatybilno\u015b\u0107 z systemem uszczelnie\u0144, odporno\u015b\u0107 na utlenianie, dzia\u0142anie w wysokich temperaturach.<\/p>\n<p>[\/et_pb_text][\/et_pb_column][\/et_pb_row][et_pb_row custom_margin=&#8221;|auto|-23px|auto||&#8221; _builder_version=&#8221;3.22.6&#8243; min_height=&#8221;63px&#8221;][et_pb_column type=&#8221;4_4&#8243; _builder_version=&#8221;3.22.6&#8243;][et_pb_text _builder_version=&#8221;3.22.6&#8243;]<\/p>\n<h4 style=\"text-align: center;\"><strong>MOTOR-LIFE SMAR WIELOZADANIOWY<\/strong><br \/> ZAWIERAJ\u0104CY FORMU\u0141\u0118 USZLACHETNIAJ\u0104C\u0104 METAL MOLEKULARNIE<\/h4>\n<p>[\/et_pb_text][\/et_pb_column][\/et_pb_row][\/et_pb_section][et_pb_section fb_built=&#8221;1&#8243; _builder_version=&#8221;3.22.3&#8243; custom_padding=&#8221;9px||7px|||&#8221;][et_pb_row _builder_version=&#8221;3.22.3&#8243;][et_pb_column type=&#8221;1_3&#8243; _builder_version=&#8221;3.0.47&#8243;][et_pb_blurb title=&#8221;Motor-Life EP1 i EP2&#8243; url=&#8221;\/plastmal-pl\/motor-life-tuba-ep2\/&#8221; image=&#8221;http:\/\/motorlife.pl\/plastmal-pl\/wp-content\/uploads\/2019\/11\/tuba-400-g-wielozadaniowy-s.jpg&#8221; image_max_width_last_edited=&#8221;off|desktop&#8221; _builder_version=&#8221;3.22.6&#8243; header_font=&#8221;||||||||&#8221; header_font_size=&#8221;22px&#8221; header_line_height=&#8221;1.4em&#8221; text_orientation=&#8221;center&#8221; custom_margin=&#8221;|||&#8221; custom_padding=&#8221;|||&#8221;]<\/p>\n<h6>Tuba 400 g<\/h6>\n<p>[\/et_pb_blurb][\/et_pb_column][et_pb_column type=&#8221;1_3&#8243; _builder_version=&#8221;3.0.47&#8243;][et_pb_blurb title=&#8221;MOTOR-LIFE EP2&#8243; url=&#8221;\/plastmal-pl\/motor-life-ep2-18-kg\/&#8221; image=&#8221;http:\/\/motorlife.pl\/plastmal-pl\/wp-content\/uploads\/2019\/11\/smar-wielozadaniowy-wiadro-18-ep2-small.jpg&#8221; image_max_width_last_edited=&#8221;off|desktop&#8221; _builder_version=&#8221;3.22.6&#8243; header_font_size=&#8221;22px&#8221; header_line_height=&#8221;1.4em&#8221; text_orientation=&#8221;center&#8221; custom_margin=&#8221;|||&#8221; custom_padding=&#8221;|||&#8221;]<\/p>\n<h5>wiadro 18 kg<\/h5>\n<p>[\/et_pb_blurb][\/et_pb_column][et_pb_column type=&#8221;1_3&#8243; _builder_version=&#8221;3.0.47&#8243;][et_pb_blurb title=&#8221;MOTOR-LIFE EP1&#8243; url=&#8221;\/plastmal-pl\/motor-life-ep1-18-kg\/&#8221; image=&#8221;http:\/\/motorlife.pl\/plastmal-pl\/wp-content\/uploads\/2019\/11\/smar-wielozadaniowy-wiadro-18-ep1-small.jpg&#8221; image_max_width_last_edited=&#8221;off|desktop&#8221; _builder_version=&#8221;3.22.6&#8243; header_font_size=&#8221;22px&#8221; header_line_height=&#8221;1.4em&#8221; text_orientation=&#8221;center&#8221; min_height=&#8221;354px&#8221; custom_margin=&#8221;|||&#8221; custom_padding=&#8221;0px|||||&#8221;]<\/p>\n<h5>wiadro 18 kg<\/h5>\n<p>[\/et_pb_blurb][\/et_pb_column][\/et_pb_row][et_pb_row _builder_version=&#8221;3.22.6&#8243;][et_pb_column type=&#8221;4_4&#8243; _builder_version=&#8221;3.22.6&#8243;][et_pb_text _builder_version=&#8221;3.22.6&#8243;]<\/p>\n<h4 style=\"text-align: center;\"><strong>MOTOR-LIFE SMAR HIGH TEMPERATURE WIELOZADANIOWY<\/strong><br \/> ZAWIERAJ\u0104CY FORMU\u0141\u0118 USZLACHETNIAJ\u0104C\u0104 METAL MOLEKULARNIE<\/h4>\n<p>[\/et_pb_text][\/et_pb_column][\/et_pb_row][et_pb_row _builder_version=&#8221;3.22.3&#8243;][et_pb_column type=&#8221;1_2&#8243; _builder_version=&#8221;3.0.47&#8243;][et_pb_blurb title=&#8221;Motor-Life EP1 i EP2&#8243; url=&#8221;\/plastmal-pl\/motor-life-ht-tuba-ep2\/&#8221; image=&#8221;http:\/\/motorlife.pl\/plastmal-pl\/wp-content\/uploads\/2019\/11\/tuba-400-g-wielozadaniowy-s.jpg&#8221; image_max_width_last_edited=&#8221;off|desktop&#8221; _builder_version=&#8221;3.22.6&#8243; header_font=&#8221;||||||||&#8221; header_font_size=&#8221;22px&#8221; header_line_height=&#8221;1.4em&#8221; text_orientation=&#8221;center&#8221; custom_margin=&#8221;|||&#8221; custom_padding=&#8221;|||&#8221;]<\/p>\n<h5><strong>HIGH TEMPERATURE<\/strong><\/h5>\n<h6>Tuba 400 g<\/h6>\n<p>[\/et_pb_blurb][\/et_pb_column][et_pb_column type=&#8221;1_2&#8243; _builder_version=&#8221;3.0.47&#8243;][et_pb_blurb title=&#8221;MOTOR-LIFE EP2&#8243; url=&#8221;\/plastmal-pl\/motor-life-hightemp-ep2-18-kg\/&#8221; image=&#8221;http:\/\/motorlife.pl\/plastmal-pl\/wp-content\/uploads\/2019\/11\/smar-wielozadaniowy-wiadro-18-ep2-small.jpg&#8221; image_max_width_last_edited=&#8221;off|desktop&#8221; _builder_version=&#8221;3.22.6&#8243; header_font_size=&#8221;22px&#8221; header_line_height=&#8221;1.4em&#8221; text_orientation=&#8221;center&#8221; custom_margin=&#8221;|||&#8221; custom_padding=&#8221;|||&#8221;]<\/p>\n<h5><strong>HIGH TEMPERATURE<\/strong><\/h5>\n<h6>Wiadro 18 kg<\/h6>\n<p>[\/et_pb_blurb][\/et_pb_column][\/et_pb_row][\/et_pb_section]<\/p>\n","protected":false},"excerpt":{"rendered":"<p>[et_pb_section fb_built=&rdquo;1&Prime; _builder_version=&rdquo;3.22.3&Prime; custom_padding=&rdquo;||9px|||&rdquo;][et_pb_row _builder_version=&rdquo;3.22.3&Prime; background_size=&rdquo;initial&rdquo; background_position=&rdquo;top_left&rdquo; background_repeat=&rdquo;repeat&rdquo;][et_pb_column type=&rdquo;4_4&Prime; _builder_version=&rdquo;3.0.47&Prime;][et_pb_text _builder_version=&rdquo;3.22.6&Prime; text_font_size=&rdquo;16px&rdquo; header_font=&rdquo;||||||||&rdquo; header_font_size=&rdquo;44px&rdquo; header_2_font=&rdquo;||||||||&rdquo; header_2_line_height=&rdquo;1.4em&rdquo;] MOTOR-LIFE WIELOZADANIOWY specjalistyczny &#347;rodek smarny przeznaczony do centralnego smarowania a tak&#380;e do smarowania przez kalemitk&#281; SMAR MOTOR-LIFE WIELOZADANIOWY zawiera w swojej strukturze mi&#281;dzy innymi formu&#322;&#281; uszlachetniaj&#261;c&#261; metal molekularnie. Formu&#322;a &#347;rodka zosta&#322;a opracowana w laboratoriach wojskowych zgodnie z normami technologii [&hellip;]<\/p>\n","protected":false},"author":2,"featured_media":0,"parent":0,"menu_order":0,"comment_status":"closed","ping_status":"closed","template":"","meta":{"_et_pb_use_builder":"on","_et_pb_old_content":"","footnotes":""},"class_list":["post-1118","page","type-page","status-publish","hentry"],"_links":{"self":[{"href":"http:\/\/motorlife.pl\/plastmal-pl\/wp-json\/wp\/v2\/pages\/1118","targetHints":{"allow":["GET"]}}],"collection":[{"href":"http:\/\/motorlife.pl\/plastmal-pl\/wp-json\/wp\/v2\/pages"}],"about":[{"href":"http:\/\/motorlife.pl\/plastmal-pl\/wp-json\/wp\/v2\/types\/page"}],"author":[{"embeddable":true,"href":"http:\/\/motorlife.pl\/plastmal-pl\/wp-json\/wp\/v2\/users\/2"}],"replies":[{"embeddable":true,"href":"http:\/\/motorlife.pl\/plastmal-pl\/wp-json\/wp\/v2\/comments?post=1118"}],"version-history":[{"count":16,"href":"http:\/\/motorlife.pl\/plastmal-pl\/wp-json\/wp\/v2\/pages\/1118\/revisions"}],"predecessor-version":[{"id":1209,"href":"http:\/\/motorlife.pl\/plastmal-pl\/wp-json\/wp\/v2\/pages\/1118\/revisions\/1209"}],"wp:attachment":[{"href":"http:\/\/motorlife.pl\/plastmal-pl\/wp-json\/wp\/v2\/media?parent=1118"}],"curies":[{"name":"wp","href":"https:\/\/api.w.org\/{rel}","templated":true}]}}