{"id":150,"date":"2018-03-17T09:07:55","date_gmt":"2018-03-17T09:07:55","guid":{"rendered":"http:\/\/motorlife.pl\/plastmal-pl\/?page_id=150"},"modified":"2019-11-07T13:37:30","modified_gmt":"2019-11-07T13:37:30","slug":"2clean-4home","status":"publish","type":"page","link":"http:\/\/motorlife.pl\/plastmal-pl\/2clean-4home\/","title":{"rendered":"2Clean 4Home"},"content":{"rendered":"<p>[et_pb_section fb_built=&#8221;1&#8243; _builder_version=&#8221;3.22.3&#8243; min_height=&#8221;222px&#8221; custom_margin=&#8221;||-57px|||&#8221; custom_padding=&#8221;||0px|||&#8221;][et_pb_row _builder_version=&#8221;3.22.3&#8243; background_size=&#8221;initial&#8221; background_position=&#8221;top_left&#8221; background_repeat=&#8221;repeat&#8221;][et_pb_column type=&#8221;4_4&#8243; _builder_version=&#8221;3.0.47&#8243;][et_pb_text admin_label=&#8221;wprowadzenie kategorii&#8221; _builder_version=&#8221;3.22.6&#8243; text_font_size=&#8221;16px&#8221; header_font_size=&#8221;44px&#8221;]<\/p>\n<h1><strong>2 Clean 4 Home<\/strong><\/h1>\n<p><strong><br \/> Linia wyrob\u00f3w przeznaczonych do utrzymywania czysto\u015bci w domu i biurze.<br \/> <\/strong><\/p>\n<p>&nbsp;<\/p>\n<p>[\/et_pb_text][\/et_pb_column][\/et_pb_row][\/et_pb_section][et_pb_section fb_built=&#8221;1&#8243; _builder_version=&#8221;3.22.3&#8243;][et_pb_row _builder_version=&#8221;3.22.3&#8243;][et_pb_column type=&#8221;1_3&#8243; _builder_version=&#8221;3.0.47&#8243;][et_pb_blurb title=&#8221;emulsja do mycia szyb (230 ml) zestaw&#8221; url=&#8221;\/plastmal-pl\/zestaw-do-mycia-szyb-i-luster\/&#8221; image=&#8221;http:\/\/motorlife.pl\/plastmal-pl\/wp-content\/uploads\/2018\/06\/Zestaw-do-mycia-szyb-i-luster-230-ml.jpg&#8221; image_max_width_last_edited=&#8221;off|desktop&#8221; admin_label=&#8221;zestaw 230 ml&#8221; _builder_version=&#8221;3.22.6&#8243; header_font_size=&#8221;22px&#8221; header_line_height=&#8221;1.4em&#8221; text_orientation=&#8221;center&#8221; custom_margin=&#8221;|||&#8221; custom_padding=&#8221;|||&#8221;][\/et_pb_blurb][\/et_pb_column][et_pb_column type=&#8221;1_3&#8243; _builder_version=&#8221;3.0.47&#8243;][et_pb_blurb title=&#8221;emulsja do czyszczenia szyb (500 ml) Zestaw&#8221; url=&#8221;\/plastmal-pl\/zestaw-do-czyszczenia-szyb-i-luster\/&#8221; image=&#8221;http:\/\/motorlife.pl\/plastmal-pl\/wp-content\/uploads\/2018\/06\/Zestaw-do-czyszczenia-szyb-i-luster.jpg&#8221; image_max_width_last_edited=&#8221;off|desktop&#8221; admin_label=&#8221;zestaw 500 ml&#8221; _builder_version=&#8221;3.22.6&#8243; header_font_size=&#8221;22px&#8221; header_line_height=&#8221;1.4em&#8221; text_orientation=&#8221;center&#8221; custom_margin=&#8221;|||&#8221; custom_padding=&#8221;|||&#8221;][\/et_pb_blurb][\/et_pb_column][et_pb_column type=&#8221;1_3&#8243; _builder_version=&#8221;3.0.47&#8243;][et_pb_blurb title=&#8221;Spray do mycia szyb 2w1&#8243; url=&#8221;\/plastmal-pl\/plyn-do-czyszczenia-szyb-w-domu\/&#8221; image=&#8221;http:\/\/motorlife.pl\/plastmal-pl\/wp-content\/uploads\/2018\/06\/P\u0142yn-do-czyszczenia-szyb-2w1.jpg&#8221; image_max_width_last_edited=&#8221;off|desktop&#8221; admin_label=&#8221;mycie szyb&#8221; _builder_version=&#8221;3.22.6&#8243; header_font_size=&#8221;22px&#8221; header_line_height=&#8221;1.4em&#8221; text_orientation=&#8221;center&#8221; custom_margin=&#8221;|||&#8221; custom_padding=&#8221;|||&#8221;][\/et_pb_blurb][\/et_pb_column][\/et_pb_row][et_pb_row _builder_version=&#8221;3.22.3&#8243;][et_pb_column type=&#8221;1_3&#8243; _builder_version=&#8221;3.0.47&#8243;][et_pb_blurb title=&#8221;Koncentrat do prania dywan\u00f3w&#8221; url=&#8221;\/plastmal-pl\/koncentrat-do-prania-dywanow-500-ml\/&#8221; image=&#8221;http:\/\/motorlife.pl\/plastmal-pl\/wp-content\/uploads\/2018\/06\/Koncentrat-do-prania-dywan\u00f3w-500-ml.jpg&#8221; image_max_width_last_edited=&#8221;off|desktop&#8221; admin_label=&#8221;dywany&#8221; _builder_version=&#8221;3.22.6&#8243; header_font_size=&#8221;22px&#8221; header_line_height=&#8221;1.4em&#8221; text_orientation=&#8221;center&#8221; custom_margin=&#8221;|||&#8221; custom_padding=&#8221;|||&#8221;][\/et_pb_blurb][\/et_pb_column][et_pb_column type=&#8221;1_3&#8243; _builder_version=&#8221;3.0.47&#8243;][et_pb_blurb title=&#8221;Spray do usuwania kamienia i rdzy&#8221; url=&#8221;\/plastmal-pl\/spray-do-usuwania-kamienia-i-rdzy\/&#8221; image=&#8221;http:\/\/motorlife.pl\/plastmal-pl\/wp-content\/uploads\/2018\/06\/Spray-do-usuwania-kamienia-i-rdzy-500-ml.jpg&#8221; image_max_width_last_edited=&#8221;off|desktop&#8221; admin_label=&#8221;kamien i rdza&#8221; _builder_version=&#8221;3.22.6&#8243; header_font_size=&#8221;22px&#8221; header_line_height=&#8221;1.4em&#8221; text_orientation=&#8221;center&#8221; custom_margin=&#8221;|||&#8221; custom_padding=&#8221;|||&#8221;][\/et_pb_blurb][\/et_pb_column][et_pb_column type=&#8221;1_3&#8243; _builder_version=&#8221;3.0.47&#8243;][et_pb_blurb title=&#8221;Preparat do czyszczenia szyb kominkowych&#8221; url=&#8221;\/plastmal-pl\/preparat-do-czyszczenia-szyb-kominkowych\/&#8221; image=&#8221;http:\/\/motorlife.pl\/plastmal-pl\/wp-content\/uploads\/2018\/06\/Preparat-do-czyszczenia-szyb-kominkowych-500-ml.jpg&#8221; image_max_width_last_edited=&#8221;off|desktop&#8221; admin_label=&#8221;szyby kominkowe&#8221; _builder_version=&#8221;3.22.6&#8243; header_font_size=&#8221;22px&#8221; header_line_height=&#8221;1.4em&#8221; text_orientation=&#8221;center&#8221; custom_margin=&#8221;|||&#8221; custom_padding=&#8221;|||&#8221;][\/et_pb_blurb][\/et_pb_column][\/et_pb_row][et_pb_row _builder_version=&#8221;3.22.3&#8243;][et_pb_column type=&#8221;1_3&#8243; _builder_version=&#8221;3.0.47&#8243;][et_pb_blurb title=&#8221;Preparat do czyszczenia komputer\u00f3w i sprz\u0119tu&#8221; url=&#8221;\/plastmal-pl\/preparat-do-czyszczenia-komputerow-i-sprzetu-biurowego\/&#8221; image=&#8221;http:\/\/motorlife.pl\/plastmal-pl\/wp-content\/uploads\/2018\/06\/Preparat-do-czyszczenia-komputer\u00f3w-sprz\u0119tu-biurowego-500-ml.jpg&#8221; image_max_width_last_edited=&#8221;off|desktop&#8221; admin_label=&#8221;komputery&#8221; _builder_version=&#8221;3.22.6&#8243; header_font_size=&#8221;22px&#8221; header_line_height=&#8221;1.4em&#8221; text_orientation=&#8221;center&#8221; custom_margin=&#8221;|||&#8221; custom_padding=&#8221;|||&#8221;][\/et_pb_blurb][\/et_pb_column][et_pb_column type=&#8221;1_3&#8243; _builder_version=&#8221;3.0.47&#8243;][et_pb_blurb title=&#8221;P\u0142yn do czyszczenia kuchni&#8221; url=&#8221;\/plastmal-pl\/plyn-do-czyszczenia-kuchni-2w1\/&#8221; image=&#8221;http:\/\/motorlife.pl\/plastmal-pl\/wp-content\/uploads\/2018\/06\/P\u0142yn-czyszcz\u0105cy-do-kuchni-500-ml.jpg&#8221; image_max_width_last_edited=&#8221;off|desktop&#8221; admin_label=&#8221;kuchnia&#8221; _builder_version=&#8221;3.22.6&#8243; header_font_size=&#8221;22px&#8221; header_line_height=&#8221;1.4em&#8221; text_orientation=&#8221;center&#8221; custom_margin=&#8221;|||&#8221; custom_padding=&#8221;|||&#8221;][\/et_pb_blurb][\/et_pb_column][et_pb_column type=&#8221;1_3&#8243; _builder_version=&#8221;3.0.47&#8243;][et_pb_blurb title=&#8221;P\u0142yn do czyszczenia \u0142azienki&#8221; url=&#8221;\/plastmal-pl\/plyn-do-mycia-ceramiki-i-armatury-lazienkowej\/&#8221; image=&#8221;http:\/\/motorlife.pl\/plastmal-pl\/wp-content\/uploads\/2018\/06\/Preparat-do-mycia-ceramiki-i-armatury-\u0142azienkowej-500-ml.jpg&#8221; image_max_width_last_edited=&#8221;off|desktop&#8221; admin_label=&#8221;\u0142azienka&#8221; _builder_version=&#8221;3.22.6&#8243; header_font_size=&#8221;22px&#8221; header_line_height=&#8221;1.4em&#8221; text_orientation=&#8221;center&#8221; custom_margin=&#8221;|||&#8221; custom_padding=&#8221;|||&#8221;][\/et_pb_blurb][\/et_pb_column][\/et_pb_row][et_pb_row _builder_version=&#8221;3.22.3&#8243;][et_pb_column type=&#8221;1_3&#8243; _builder_version=&#8221;3.0.47&#8243;][et_pb_blurb title=&#8221;Preparat do usuwania t\u0142uszczu z terakoty&#8221; url=&#8221;\/plastmal-pl\/preparat-do-usuwania-tluszczu-i-brudu\/&#8221; image=&#8221;http:\/\/motorlife.pl\/plastmal-pl\/wp-content\/uploads\/2018\/06\/Koncentrat-do-t\u0142uszczu-brudu-500-ml.jpg&#8221; image_max_width_last_edited=&#8221;off|desktop&#8221; admin_label=&#8221;terakota&#8221; _builder_version=&#8221;3.22.6&#8243; header_font_size=&#8221;22px&#8221; header_line_height=&#8221;1.4em&#8221; text_orientation=&#8221;center&#8221; custom_margin=&#8221;|||&#8221; custom_padding=&#8221;|||&#8221;][\/et_pb_blurb][\/et_pb_column][et_pb_column type=&#8221;1_3&#8243; _builder_version=&#8221;3.0.47&#8243;][et_pb_blurb title=&#8221;P\u0142yn do czyszczenia okap\u00f3w kuchennych&#8221; url=&#8221;\/plastmal-pl\/preparat-do-usuwania-tluszczu-i-rdzy-z-okapow-kuchennych\/&#8221; image=&#8221;http:\/\/motorlife.pl\/plastmal-pl\/wp-content\/uploads\/2018\/06\/Usuwanie-t\u0142uszczu-brudu-z-okap\u00f3w-500-ml.jpg&#8221; image_max_width_last_edited=&#8221;off|desktop&#8221; admin_label=&#8221;okapy&#8221; _builder_version=&#8221;3.22.6&#8243; header_font_size=&#8221;22px&#8221; header_line_height=&#8221;1.4em&#8221; text_orientation=&#8221;center&#8221; custom_margin=&#8221;|||&#8221; custom_padding=&#8221;|||&#8221;][\/et_pb_blurb][\/et_pb_column][et_pb_column type=&#8221;1_3&#8243; _builder_version=&#8221;3.0.47&#8243;][et_pb_blurb title=&#8221;Koncentrat do mycia parkietu i paneli&#8221; url=&#8221;\/plastmal-pl\/koncentrat-do-mycia-parkietu-i-paneli\/&#8221; image=&#8221;http:\/\/motorlife.pl\/plastmal-pl\/wp-content\/uploads\/2018\/06\/Koncentrat-do-mycia-parkietu-i-paneli-500-ml.jpg&#8221; image_max_width_last_edited=&#8221;off|desktop&#8221; admin_label=&#8221;panele&#8221; _builder_version=&#8221;3.22.6&#8243; header_font_size=&#8221;22px&#8221; header_line_height=&#8221;1.4em&#8221; text_orientation=&#8221;center&#8221; custom_margin=&#8221;|||&#8221; custom_padding=&#8221;|||&#8221;][\/et_pb_blurb][\/et_pb_column][\/et_pb_row][et_pb_row _builder_version=&#8221;3.22.3&#8243;][et_pb_column type=&#8221;1_3&#8243; _builder_version=&#8221;3.0.47&#8243;][et_pb_blurb title=&#8221;Pasta do mycia r\u0105k&#8221; url=&#8221;\/plastmal-pl\/pasta-do-mycia-rak-z-balsamem\/&#8221; image=&#8221;http:\/\/motorlife.pl\/plastmal-pl\/wp-content\/uploads\/2018\/05\/Pasta-do-mycia-r\u0105k-500-ml.jpg&#8221; image_max_width_last_edited=&#8221;off|desktop&#8221; admin_label=&#8221;mycie r\u0105k&#8221; _builder_version=&#8221;3.22.6&#8243; header_font_size=&#8221;22px&#8221; header_line_height=&#8221;1.4em&#8221; text_orientation=&#8221;center&#8221; custom_margin=&#8221;|||&#8221; custom_padding=&#8221;|||&#8221;][\/et_pb_blurb][\/et_pb_column][et_pb_column type=&#8221;1_3&#8243; _builder_version=&#8221;3.0.47&#8243;][et_pb_blurb title=&#8221;Emulsja do czyszczenia kuchenek&#8221; url=&#8221;\/plastmal-pl\/emulsja-do-czyszczenia-kuchenek\/&#8221; image=&#8221;http:\/\/motorlife.pl\/plastmal-pl\/wp-content\/uploads\/2018\/06\/P\u0142yta-ceramiczna-do-czyszczenia-kuchenek-230-ml.jpg&#8221; image_max_width_last_edited=&#8221;off|desktop&#8221; admin_label=&#8221;kuchenki&#8221; _builder_version=&#8221;3.22.6&#8243; header_font_size=&#8221;22px&#8221; header_line_height=&#8221;1.4em&#8221; text_orientation=&#8221;center&#8221; custom_margin=&#8221;|||&#8221; custom_padding=&#8221;|||&#8221;][\/et_pb_blurb][\/et_pb_column][et_pb_column type=&#8221;1_3&#8243; _builder_version=&#8221;3.0.47&#8243;][et_pb_blurb title=&#8221;Preparat do czyszczenia tapicerki ze sk\u00f3ry&#8221; url=&#8221;\/plastmal-pl\/preparat-do-czyszczenia-tapicerki-ze-skory-naturalnej\/&#8221; image=&#8221;http:\/\/motorlife.pl\/plastmal-pl\/wp-content\/uploads\/2018\/06\/Preparat-do-czyszczenia-tapicerki-sk\u00f3rzanej-500-ml.jpg&#8221; image_max_width_last_edited=&#8221;off|desktop&#8221; admin_label=&#8221;sk\u00f3ra&#8221; _builder_version=&#8221;3.22.6&#8243; header_font_size=&#8221;22px&#8221; header_line_height=&#8221;1.4em&#8221; text_orientation=&#8221;center&#8221; custom_margin=&#8221;|||&#8221; custom_padding=&#8221;|||&#8221;][\/et_pb_blurb][\/et_pb_column][\/et_pb_row][et_pb_row _builder_version=&#8221;3.22.3&#8243;][et_pb_column type=&#8221;1_3&#8243; _builder_version=&#8221;3.0.47&#8243;][et_pb_blurb title=&#8221;Impregnator do konserwacji sk\u00f3ry&#8221; url=&#8221;\/plastmal-pl\/impregnator-do-konserwacji-i-pielegnacji-skory\/&#8221; image=&#8221;http:\/\/motorlife.pl\/plastmal-pl\/wp-content\/uploads\/2018\/06\/Impregnator-do-konserwacji-i-piel\u0119gnacji-sk\u00f3ry-230-ml.jpg&#8221; image_max_width_last_edited=&#8221;off|desktop&#8221; admin_label=&#8221;sk\u00f3ra impregnator&#8221; _builder_version=&#8221;3.22.6&#8243; header_font_size=&#8221;22px&#8221; header_line_height=&#8221;1.4em&#8221; text_orientation=&#8221;center&#8221; custom_margin=&#8221;|||&#8221; custom_padding=&#8221;|||&#8221;][\/et_pb_blurb][\/et_pb_column][et_pb_column type=&#8221;1_3&#8243; _builder_version=&#8221;3.0.47&#8243;][et_pb_blurb title=&#8221;Preparat do czyszczenia tapicerki materia\u0142owej&#8221; url=&#8221;\/plastmal-pl\/preparat-do-czyszczenia-tapicerki-materialowej\/&#8221; image=&#8221;http:\/\/motorlife.pl\/plastmal-pl\/wp-content\/uploads\/2018\/06\/Preaparat-do-czyszczenia-tapicerki-materia\u0142owej-500-ml.jpg&#8221; image_max_width_last_edited=&#8221;off|desktop&#8221; admin_label=&#8221;tapicerka materia\u0142owa&#8221; _builder_version=&#8221;3.22.6&#8243; header_font_size=&#8221;22px&#8221; header_line_height=&#8221;1.4em&#8221; text_orientation=&#8221;center&#8221; custom_margin=&#8221;|||&#8221; custom_padding=&#8221;|||&#8221;][\/et_pb_blurb][\/et_pb_column][et_pb_column type=&#8221;1_3&#8243; _builder_version=&#8221;3.0.47&#8243;][et_pb_blurb title=&#8221;Szmatka superabsorbcyjna&#8221; url=&#8221;\/plastmal-pl\/szmatka-superabsorbcyjna\/&#8221; image=&#8221;http:\/\/motorlife.pl\/plastmal-pl\/wp-content\/uploads\/2018\/05\/Szmatka-superabsorbcyjna.jpg&#8221; image_max_width_last_edited=&#8221;off|desktop&#8221; admin_label=&#8221;szmatka&#8221; _builder_version=&#8221;3.22.6&#8243; header_font_size=&#8221;22px&#8221; header_line_height=&#8221;1.4em&#8221; text_orientation=&#8221;center&#8221; custom_margin=&#8221;|||&#8221; custom_padding=&#8221;|||&#8221;][\/et_pb_blurb][\/et_pb_column][\/et_pb_row][\/et_pb_section]<\/p>\n","protected":false},"excerpt":{"rendered":"<p>[et_pb_section fb_built=&rdquo;1&Prime; _builder_version=&rdquo;3.22.3&Prime; min_height=&rdquo;222px&rdquo; custom_margin=&rdquo;||-57px|||&rdquo; custom_padding=&rdquo;||0px|||&rdquo;][et_pb_row _builder_version=&rdquo;3.22.3&Prime; background_size=&rdquo;initial&rdquo; background_position=&rdquo;top_left&rdquo; background_repeat=&rdquo;repeat&rdquo;][et_pb_column type=&rdquo;4_4&Prime; _builder_version=&rdquo;3.0.47&Prime;][et_pb_text admin_label=&rdquo;wprowadzenie kategorii&rdquo; _builder_version=&rdquo;3.22.6&Prime; text_font_size=&rdquo;16px&rdquo; header_font_size=&rdquo;44px&rdquo;] 2 Clean 4 Home Linia wyrob&oacute;w przeznaczonych do utrzymywania czysto&#347;ci w domu i biurze. &nbsp; [\/et_pb_text][\/et_pb_column][\/et_pb_row][\/et_pb_section][et_pb_section fb_built=&rdquo;1&Prime; _builder_version=&rdquo;3.22.3&Prime;][et_pb_row _builder_version=&rdquo;3.22.3&Prime;][et_pb_column type=&rdquo;1_3&Prime; _builder_version=&rdquo;3.0.47&Prime;][et_pb_blurb title=&rdquo;emulsja do mycia szyb (230 ml) zestaw&rdquo; url=&rdquo;\/plastmal-pl\/zestaw-do-mycia-szyb-i-luster\/&rdquo; image=&rdquo;http:\/\/motorlife.pl\/plastmal-pl\/wp-content\/uploads\/2018\/06\/Zestaw-do-mycia-szyb-i-luster-230-ml.jpg&rdquo; image_max_width_last_edited=&rdquo;off|desktop&rdquo; admin_label=&rdquo;zestaw 230 ml&rdquo; _builder_version=&rdquo;3.22.6&Prime; header_font_size=&rdquo;22px&rdquo; header_line_height=&rdquo;1.4em&rdquo; text_orientation=&rdquo;center&rdquo; [&hellip;]<\/p>\n","protected":false},"author":1,"featured_media":0,"parent":0,"menu_order":0,"comment_status":"closed","ping_status":"closed","template":"","meta":{"_et_pb_use_builder":"on","_et_pb_old_content":"","footnotes":""},"class_list":["post-150","page","type-page","status-publish","hentry"],"_links":{"self":[{"href":"http:\/\/motorlife.pl\/plastmal-pl\/wp-json\/wp\/v2\/pages\/150","targetHints":{"allow":["GET"]}}],"collection":[{"href":"http:\/\/motorlife.pl\/plastmal-pl\/wp-json\/wp\/v2\/pages"}],"about":[{"href":"http:\/\/motorlife.pl\/plastmal-pl\/wp-json\/wp\/v2\/types\/page"}],"author":[{"embeddable":true,"href":"http:\/\/motorlife.pl\/plastmal-pl\/wp-json\/wp\/v2\/users\/1"}],"replies":[{"embeddable":true,"href":"http:\/\/motorlife.pl\/plastmal-pl\/wp-json\/wp\/v2\/comments?post=150"}],"version-history":[{"count":32,"href":"http:\/\/motorlife.pl\/plastmal-pl\/wp-json\/wp\/v2\/pages\/150\/revisions"}],"predecessor-version":[{"id":1103,"href":"http:\/\/motorlife.pl\/plastmal-pl\/wp-json\/wp\/v2\/pages\/150\/revisions\/1103"}],"wp:attachment":[{"href":"http:\/\/motorlife.pl\/plastmal-pl\/wp-json\/wp\/v2\/media?parent=150"}],"curies":[{"name":"wp","href":"https:\/\/api.w.org\/{rel}","templated":true}]}}