{"id":295,"date":"2018-05-06T14:58:57","date_gmt":"2018-05-06T14:58:57","guid":{"rendered":"http:\/\/motorlife.pl\/plastmal-pl\/?page_id=295"},"modified":"2018-05-06T14:59:07","modified_gmt":"2018-05-06T14:59:07","slug":"smar-do-polaczen-elektrycznych-70-ml","status":"publish","type":"page","link":"http:\/\/motorlife.pl\/plastmal-pl\/smar-do-polaczen-elektrycznych-70-ml\/","title":{"rendered":"Smar do po\u0142\u0105cze\u0144 elektrycznych 70 ml"},"content":{"rendered":"<p>[et_pb_section bb_built=&#8221;1&#8243; _builder_version=&#8221;3.0.47&#8243; next_background_color=&#8221;#000000&#8243;][et_pb_row _builder_version=&#8221;3.0.106&#8243; background_size=&#8221;initial&#8221; background_position=&#8221;top_left&#8221; background_repeat=&#8221;repeat&#8221; border_width_bottom=&#8221;1px&#8221; border_color_bottom=&#8221;#e5e5e5&#8243;][et_pb_column type=&#8221;4_4&#8243;][et_pb_text admin_label=&#8221;nag\u0142\u00f3wek&#8221; _builder_version=&#8221;3.0.106&#8243; header_font_size=&#8221;36px&#8221; header_2_font_size=&#8221;24px&#8221; background_layout=&#8221;light&#8221;]<\/p>\n<h1>Smar do po\u0142\u0105cze\u0144 elektrycznych 70 ml<\/h1>\n<h3>Motor-Life 8<\/h3>\n<p>[\/et_pb_text][\/et_pb_column][\/et_pb_row][\/et_pb_section][et_pb_section bb_built=&#8221;1&#8243; _builder_version=&#8221;3.0.106&#8243; prev_background_color=&#8221;#000000&#8243;][et_pb_row _builder_version=&#8221;3.0.106&#8243; border_color_top=&#8221;#efefef&#8221;][et_pb_column type=&#8221;1_2&#8243;][et_pb_image admin_label=&#8221;Produkt&#8221; src=&#8221;http:\/\/motorlife.pl\/plastmal-pl\/wp-content\/uploads\/2018\/05\/smar-do-po\u0142\u0105cze\u0144-elektrycznych-70ml.jpg&#8221; align=&#8221;center&#8221; _builder_version=&#8221;3.0.106&#8243; animation_style=&#8221;zoom&#8221; show_in_lightbox=&#8221;off&#8221; url_new_window=&#8221;off&#8221; use_overlay=&#8221;off&#8221; always_center_on_mobile=&#8221;on&#8221; force_fullwidth=&#8221;off&#8221; show_bottom_space=&#8221;on&#8221; \/][\/et_pb_column][et_pb_column type=&#8221;1_2&#8243;][et_pb_text admin_label=&#8221;tytu\u0142&#8221; _builder_version=&#8221;3.0.106&#8243; header_4_font_size=&#8221;24px&#8221; header_4_line_height=&#8221;1.4em&#8221; header_2_line_height=&#8221;1.4em&#8221; background_layout=&#8221;light&#8221;]<\/p>\n<h2>Specjalistyczny smar plastyczny do po\u0142\u0105cze\u0144 elektrycznych<\/h2>\n<p>[\/et_pb_text][et_pb_text admin_label=&#8221;kod&#8221; _builder_version=&#8221;3.0.106&#8243; background_layout=&#8221;light&#8221;]<\/p>\n<p><strong>KOD PRODUKTU: ML-0062<\/strong><\/p>\n<p>[\/et_pb_text][et_pb_text admin_label=&#8221;opis produktu&#8221; _builder_version=&#8221;3.0.106&#8243; background_layout=&#8221;light&#8221;]<\/p>\n<p><strong>Specjalistyczny smar zabezpieczaj\u0105cy po\u0142\u0105czenia elektryczne Motor-Life 8. Uniwersalny smar zabezpieczaj\u0105cy po\u0142\u0105czenia elektryczne przed utlenianiem w szczeg\u00f3lno\u015bci klemy akumulatora. MOTOR-LIFE 8 jest specjalistycznym smarem zawieraj\u0105cym zwi\u0105zki b\u0119d\u0105ce bardzo dobrymi przewodnikami pr\u0105du i skutecznie zabezpieczaj\u0105cymi wszystkie po\u0142\u0105czenia elektryczne przed utlenianiem.<\/strong><\/p>\n<p><strong>MOTOR-LIFE 8<\/strong> jest odpowiedzi\u0105 producenta na zapotrzebowanie rynku krajowego, na kt\u00f3rym dotychczas brak by\u0142o smaru o podobnej jako\u015bci. Dzi\u0119ki zastosowaniu smaru <strong>MOTOR-LIFE 8<\/strong> eksploatacja akumulatora samochodowego staje si\u0119 \u0142atwiejsza, a czas u\u017cytkowania baterii zostaje wyd\u0142u\u017cony.<\/p>\n<p><strong>MOTOR-LIFE 8<\/strong> zwalnia u\u017cytkownika samochodu od sta\u0142ej b\u0105d\u017a okresowej kontroli czysto\u015bci klem akumulatora.<\/p>\n<p>[\/et_pb_text][et_pb_text admin_label=&#8221;social buttons&#8221; _builder_version=&#8221;3.0.106&#8243;]<\/p>\n<div class=\"simplesocialbuttons simplesocial-simple-round simplesocialbuttons_inline simplesocialbuttons-align-\u201dleft\u201d simplesocialbuttons-inline-bottom-in\">\n<button class=\"simplesocial-fb-share\" target=\"_blank\" data-href=\"https:\/\/www.facebook.com\/sharer\/sharer.php?u=http:\/\/motorlife.pl\/plastmal-pl\/smar-do-polaczen-elektrycznych-70-ml\/\" onclick=\"javascript:window.open(this.dataset.href, '', 'menubar=no,toolbar=no,resizable=yes,scrollbars=yes,height=600,width=600');return false;\"><span class=\"simplesocialtxt\">Facebook <\/span> <\/button>\n<\/div>\n\n<p>[\/et_pb_text][et_pb_button admin_label=&#8221;button shop online&#8221; button_url=&#8221;http:\/\/2clean.shoparena.pl\/pl\/p\/MOTOR-LIFE-8-Smar-do-polaczen-elektrycznych-70-ml\/94&#8243; button_text=&#8221;SKLEP ON-LINE&#8221; _builder_version=&#8221;3.0.106&#8243; custom_margin=&#8221;|||&#8221; custom_padding=&#8221;5%||5%|&#8221; url_new_window=&#8221;off&#8221; background_layout=&#8221;light&#8221; custom_button=&#8221;off&#8221; button_icon_placement=&#8221;right&#8221; \/][\/et_pb_column][\/et_pb_row][\/et_pb_section]<\/p>\n","protected":false},"excerpt":{"rendered":"<p>[et_pb_section bb_built=&rdquo;1&Prime; _builder_version=&rdquo;3.0.47&Prime; next_background_color=&rdquo;#000000&Prime;][et_pb_row _builder_version=&rdquo;3.0.106&Prime; background_size=&rdquo;initial&rdquo; background_position=&rdquo;top_left&rdquo; background_repeat=&rdquo;repeat&rdquo; border_width_bottom=&rdquo;1px&rdquo; border_color_bottom=&rdquo;#e5e5e5&Prime;][et_pb_column type=&rdquo;4_4&Prime;][et_pb_text admin_label=&rdquo;nag&#322;&oacute;wek&rdquo; _builder_version=&rdquo;3.0.106&Prime; header_font_size=&rdquo;36px&rdquo; header_2_font_size=&rdquo;24px&rdquo; background_layout=&rdquo;light&rdquo;] Smar do po&#322;&#261;cze&#324; elektrycznych 70 ml Motor-Life 8 [\/et_pb_text][\/et_pb_column][\/et_pb_row][\/et_pb_section][et_pb_section bb_built=&rdquo;1&Prime; _builder_version=&rdquo;3.0.106&Prime; prev_background_color=&rdquo;#000000&Prime;][et_pb_row _builder_version=&rdquo;3.0.106&Prime; border_color_top=&rdquo;#efefef&rdquo;][et_pb_column type=&rdquo;1_2&Prime;][et_pb_image admin_label=&rdquo;Produkt&rdquo; src=&rdquo;http:\/\/motorlife.pl\/plastmal-pl\/wp-content\/uploads\/2018\/05\/smar-do-po&#322;&#261;cze&#324;-elektrycznych-70ml.jpg&rdquo; align=&rdquo;center&rdquo; _builder_version=&rdquo;3.0.106&Prime; animation_style=&rdquo;zoom&rdquo; show_in_lightbox=&rdquo;off&rdquo; url_new_window=&rdquo;off&rdquo; use_overlay=&rdquo;off&rdquo; always_center_on_mobile=&rdquo;on&rdquo; force_fullwidth=&rdquo;off&rdquo; show_bottom_space=&rdquo;on&rdquo; \/][\/et_pb_column][et_pb_column type=&rdquo;1_2&Prime;][et_pb_text admin_label=&rdquo;tytu&#322;&rdquo; _builder_version=&rdquo;3.0.106&Prime; header_4_font_size=&rdquo;24px&rdquo; header_4_line_height=&rdquo;1.4em&rdquo; header_2_line_height=&rdquo;1.4em&rdquo; background_layout=&rdquo;light&rdquo;] Specjalistyczny smar plastyczny do po&#322;&#261;cze&#324; [&hellip;]<\/p>\n","protected":false},"author":1,"featured_media":296,"parent":0,"menu_order":0,"comment_status":"closed","ping_status":"closed","template":"","meta":{"_et_pb_use_builder":"on","_et_pb_old_content":"","footnotes":""},"class_list":["post-295","page","type-page","status-publish","has-post-thumbnail","hentry"],"_links":{"self":[{"href":"http:\/\/motorlife.pl\/plastmal-pl\/wp-json\/wp\/v2\/pages\/295","targetHints":{"allow":["GET"]}}],"collection":[{"href":"http:\/\/motorlife.pl\/plastmal-pl\/wp-json\/wp\/v2\/pages"}],"about":[{"href":"http:\/\/motorlife.pl\/plastmal-pl\/wp-json\/wp\/v2\/types\/page"}],"author":[{"embeddable":true,"href":"http:\/\/motorlife.pl\/plastmal-pl\/wp-json\/wp\/v2\/users\/1"}],"replies":[{"embeddable":true,"href":"http:\/\/motorlife.pl\/plastmal-pl\/wp-json\/wp\/v2\/comments?post=295"}],"version-history":[{"count":1,"href":"http:\/\/motorlife.pl\/plastmal-pl\/wp-json\/wp\/v2\/pages\/295\/revisions"}],"predecessor-version":[{"id":297,"href":"http:\/\/motorlife.pl\/plastmal-pl\/wp-json\/wp\/v2\/pages\/295\/revisions\/297"}],"wp:featuredmedia":[{"embeddable":true,"href":"http:\/\/motorlife.pl\/plastmal-pl\/wp-json\/wp\/v2\/media\/296"}],"wp:attachment":[{"href":"http:\/\/motorlife.pl\/plastmal-pl\/wp-json\/wp\/v2\/media?parent=295"}],"curies":[{"name":"wp","href":"https:\/\/api.w.org\/{rel}","templated":true}]}}