{"id":300,"date":"2018-05-06T16:26:18","date_gmt":"2018-05-06T16:26:18","guid":{"rendered":"http:\/\/motorlife.pl\/plastmal-pl\/?page_id=300"},"modified":"2019-10-30T17:21:25","modified_gmt":"2019-10-30T17:21:25","slug":"autopolitura-do-lakieru-230-ml","status":"publish","type":"page","link":"http:\/\/motorlife.pl\/plastmal-pl\/autopolitura-do-lakieru-230-ml\/","title":{"rendered":"Autopolitura do lakieru 230 ml"},"content":{"rendered":"<p>[et_pb_section fb_built=&#8221;1&#8243; _builder_version=&#8221;3.22.3&#8243;][et_pb_row _builder_version=&#8221;3.22.3&#8243; background_size=&#8221;initial&#8221; background_position=&#8221;top_left&#8221; background_repeat=&#8221;repeat&#8221; border_width_bottom=&#8221;1px&#8221; border_color_bottom=&#8221;#e5e5e5&#8243;][et_pb_column type=&#8221;4_4&#8243; _builder_version=&#8221;3.0.47&#8243;][et_pb_text admin_label=&#8221;nag\u0142\u00f3wek&#8221; _builder_version=&#8221;3.7&#8243; header_font_size=&#8221;36px&#8221; header_2_font_size=&#8221;24px&#8221;]<\/p>\n<h1>Autopolitura<\/h1>\n<h3>Autopolitura do lakieru 230 ml<\/h3>\n<p>[\/et_pb_text][\/et_pb_column][\/et_pb_row][\/et_pb_section][et_pb_section fb_built=&#8221;1&#8243; _builder_version=&#8221;3.22.3&#8243;][et_pb_row _builder_version=&#8221;3.22.3&#8243; border_color_top=&#8221;#efefef&#8221;][et_pb_column type=&#8221;1_2&#8243; _builder_version=&#8221;3.0.47&#8243;][et_pb_image src=&#8221;http:\/\/motorlife.pl\/plastmal-pl\/wp-content\/uploads\/2018\/05\/Autopolitura-lakier-230-ml.jpg&#8221; align=&#8221;center&#8221; admin_label=&#8221;Produkt&#8221; _builder_version=&#8221;3.0.106&#8243; animation_style=&#8221;zoom&#8221;][\/et_pb_image][\/et_pb_column][et_pb_column type=&#8221;1_2&#8243; _builder_version=&#8221;3.0.47&#8243;][et_pb_text admin_label=&#8221;tytu\u0142&#8221; _builder_version=&#8221;3.7&#8243; header_2_line_height=&#8221;1.4em&#8221; header_4_font_size=&#8221;24px&#8221; header_4_line_height=&#8221;1.4em&#8221;]<\/p>\n<h2>Autopolitura do czyszczenia, piel\u0119gnacji i konserwacji lakieru<\/h2>\n<p>[\/et_pb_text][et_pb_text admin_label=&#8221;kod&#8221; _builder_version=&#8221;3.0.106&#8243;]<strong>KOD PRODUKTU: 2C-0024<\/strong><br \/>\n[\/et_pb_text][et_pb_text admin_label=&#8221;opis produktu&#8221; _builder_version=&#8221;3.7&#8243;]<\/p>\n<p>&nbsp;<\/p>\n<p><strong>Autopolitura \u00a0firmy PLASTMAL <\/strong>\u00a0to \u015brodek czyszcz\u0105co-konserwuj\u0105cy z PTFE . Dzi\u0119ki zastosowaniu starannie dobranych \u015brodk\u00f3w \u015bciernych autopolitura delikatnie usuwa nie tylko zanieczyszczenia, ale tak\u017ce wyp\u0142owia\u0142\u0105 warstw\u0119 lakieru. \u015arodki powierzchniowo czynne wype\u0142niaj\u0105 pory i pokrywaj\u0105 karoseri\u0119 cienk\u0105, trwa\u0142\u0105 i szklist\u0105 warstw\u0105. W ten spos\u00f3b uzyskujemy wi\u0119ksz\u0105 g\u0142\u0119bi\u0119 koloru, bardziej kontrastowe odbicia oraz \u00a0efekt tzw. wet look tak wa\u017cny w ka\u017cdym <strong>car detailingu.<\/strong><\/p>\n<p>Autopolitura to nie tylko <strong>czyszczenie lakieru<\/strong> \u2013 to tak\u017ce <strong>konserwacja lakieru:<\/strong> zabezpieczenie przed s\u0142o\u0144cem, sol\u0105 i kwa\u015bnym deszczem. Preparat ten dzi\u0119ki unikalnej recepturze <strong>czy\u015bci, piel\u0119gnuje i konserwuje lakier.<\/strong><\/p>\n<p><strong><\/strong><\/p>\n<p>Autopolitura dost\u0119pna jest r\u00f3wnie\u017c w wi\u0119kszym opakowaniu: 450 ml.<\/p>\n<p><em><strong>S\u0142owa wyszukiwania:<\/strong> politura, autopolitura, czyszczenie lakieru, konserwacja lakieru, ochrona lakieru, car detailing,\u00a0<\/em><\/p>\n<p>&nbsp;<\/p>\n<p>[\/et_pb_text][et_pb_text admin_label=&#8221;social buttons&#8221; _builder_version=&#8221;3.0.106&#8243;]<div class=\"simplesocialbuttons simplesocial-simple-round simplesocialbuttons_inline simplesocialbuttons-align-\u201dleft\u201d simplesocialbuttons-inline-bottom-in\">\n<button class=\"simplesocial-fb-share\" target=\"_blank\" data-href=\"https:\/\/www.facebook.com\/sharer\/sharer.php?u=http:\/\/motorlife.pl\/plastmal-pl\/autopolitura-do-lakieru-230-ml\/\" onclick=\"javascript:window.open(this.dataset.href, '', 'menubar=no,toolbar=no,resizable=yes,scrollbars=yes,height=600,width=600');return false;\"><span class=\"simplesocialtxt\">Facebook <\/span> <\/button>\n<\/div>\n<br \/>\n[\/et_pb_text][et_pb_button button_url=&#8221;http:\/\/2clean.shoparena.pl\/pl\/p\/Autopolitura-230-ml-do-czyszczenia%2C-pielegnacji-konserwacji-lakieru\/13&#8243; button_text=&#8221;SKLEP ON-LINE&#8221; admin_label=&#8221;button shop online&#8221; _builder_version=&#8221;3.16&#8243; custom_margin=&#8221;|||&#8221; custom_padding=&#8221;5%||5%|&#8221; button_text_size__hover_enabled=&#8221;off&#8221; button_one_text_size__hover_enabled=&#8221;off&#8221; button_two_text_size__hover_enabled=&#8221;off&#8221; button_text_color__hover_enabled=&#8221;off&#8221; button_one_text_color__hover_enabled=&#8221;off&#8221; button_two_text_color__hover_enabled=&#8221;off&#8221; button_border_width__hover_enabled=&#8221;off&#8221; button_one_border_width__hover_enabled=&#8221;off&#8221; button_two_border_width__hover_enabled=&#8221;off&#8221; button_border_color__hover_enabled=&#8221;off&#8221; button_one_border_color__hover_enabled=&#8221;off&#8221; button_two_border_color__hover_enabled=&#8221;off&#8221; button_border_radius__hover_enabled=&#8221;off&#8221; button_one_border_radius__hover_enabled=&#8221;off&#8221; button_two_border_radius__hover_enabled=&#8221;off&#8221; button_letter_spacing__hover_enabled=&#8221;off&#8221; button_one_letter_spacing__hover_enabled=&#8221;off&#8221; button_two_letter_spacing__hover_enabled=&#8221;off&#8221; button_bg_color__hover_enabled=&#8221;off&#8221; button_one_bg_color__hover_enabled=&#8221;off&#8221; button_two_bg_color__hover_enabled=&#8221;off&#8221;][\/et_pb_button][\/et_pb_column][\/et_pb_row][\/et_pb_section]<\/p>\n","protected":false},"excerpt":{"rendered":"<p>[et_pb_section fb_built=&rdquo;1&Prime; _builder_version=&rdquo;3.22.3&Prime;][et_pb_row _builder_version=&rdquo;3.22.3&Prime; background_size=&rdquo;initial&rdquo; background_position=&rdquo;top_left&rdquo; background_repeat=&rdquo;repeat&rdquo; border_width_bottom=&rdquo;1px&rdquo; border_color_bottom=&rdquo;#e5e5e5&Prime;][et_pb_column type=&rdquo;4_4&Prime; _builder_version=&rdquo;3.0.47&Prime;][et_pb_text admin_label=&rdquo;nag&#322;&oacute;wek&rdquo; _builder_version=&rdquo;3.7&Prime; header_font_size=&rdquo;36px&rdquo; header_2_font_size=&rdquo;24px&rdquo;] Autopolitura Autopolitura do lakieru 230 ml [\/et_pb_text][\/et_pb_column][\/et_pb_row][\/et_pb_section][et_pb_section fb_built=&rdquo;1&Prime; _builder_version=&rdquo;3.22.3&Prime;][et_pb_row _builder_version=&rdquo;3.22.3&Prime; border_color_top=&rdquo;#efefef&rdquo;][et_pb_column type=&rdquo;1_2&Prime; _builder_version=&rdquo;3.0.47&Prime;][et_pb_image src=&rdquo;http:\/\/motorlife.pl\/plastmal-pl\/wp-content\/uploads\/2018\/05\/Autopolitura-lakier-230-ml.jpg&rdquo; align=&rdquo;center&rdquo; admin_label=&rdquo;Produkt&rdquo; _builder_version=&rdquo;3.0.106&Prime; animation_style=&rdquo;zoom&rdquo;][\/et_pb_image][\/et_pb_column][et_pb_column type=&rdquo;1_2&Prime; _builder_version=&rdquo;3.0.47&Prime;][et_pb_text admin_label=&rdquo;tytu&#322;&rdquo; _builder_version=&rdquo;3.7&Prime; header_2_line_height=&rdquo;1.4em&rdquo; header_4_font_size=&rdquo;24px&rdquo; header_4_line_height=&rdquo;1.4em&rdquo;] Autopolitura do czyszczenia, piel&#281;gnacji i konserwacji lakieru [\/et_pb_text][et_pb_text admin_label=&rdquo;kod&rdquo; _builder_version=&rdquo;3.0.106&Prime;]KOD PRODUKTU: 2C-0024 [\/et_pb_text][et_pb_text admin_label=&rdquo;opis produktu&rdquo; [&hellip;]<\/p>\n","protected":false},"author":1,"featured_media":301,"parent":0,"menu_order":0,"comment_status":"closed","ping_status":"closed","template":"","meta":{"_et_pb_use_builder":"on","_et_pb_old_content":"","footnotes":""},"class_list":["post-300","page","type-page","status-publish","has-post-thumbnail","hentry"],"_links":{"self":[{"href":"http:\/\/motorlife.pl\/plastmal-pl\/wp-json\/wp\/v2\/pages\/300","targetHints":{"allow":["GET"]}}],"collection":[{"href":"http:\/\/motorlife.pl\/plastmal-pl\/wp-json\/wp\/v2\/pages"}],"about":[{"href":"http:\/\/motorlife.pl\/plastmal-pl\/wp-json\/wp\/v2\/types\/page"}],"author":[{"embeddable":true,"href":"http:\/\/motorlife.pl\/plastmal-pl\/wp-json\/wp\/v2\/users\/1"}],"replies":[{"embeddable":true,"href":"http:\/\/motorlife.pl\/plastmal-pl\/wp-json\/wp\/v2\/comments?post=300"}],"version-history":[{"count":7,"href":"http:\/\/motorlife.pl\/plastmal-pl\/wp-json\/wp\/v2\/pages\/300\/revisions"}],"predecessor-version":[{"id":954,"href":"http:\/\/motorlife.pl\/plastmal-pl\/wp-json\/wp\/v2\/pages\/300\/revisions\/954"}],"wp:featuredmedia":[{"embeddable":true,"href":"http:\/\/motorlife.pl\/plastmal-pl\/wp-json\/wp\/v2\/media\/301"}],"wp:attachment":[{"href":"http:\/\/motorlife.pl\/plastmal-pl\/wp-json\/wp\/v2\/media?parent=300"}],"curies":[{"name":"wp","href":"https:\/\/api.w.org\/{rel}","templated":true}]}}