{"id":350,"date":"2018-05-06T18:20:23","date_gmt":"2018-05-06T18:20:23","guid":{"rendered":"http:\/\/motorlife.pl\/plastmal-pl\/?page_id=350"},"modified":"2019-10-30T17:35:35","modified_gmt":"2019-10-30T17:35:35","slug":"pasta-do-mycia-rak-z-balsamem","status":"publish","type":"page","link":"http:\/\/motorlife.pl\/plastmal-pl\/pasta-do-mycia-rak-z-balsamem\/","title":{"rendered":"Pasta do mycia r\u0105k z balsamem"},"content":{"rendered":"<p>[et_pb_section fb_built=&#8221;1&#8243; _builder_version=&#8221;3.22.3&#8243;][et_pb_row _builder_version=&#8221;3.22.3&#8243; background_size=&#8221;initial&#8221; background_position=&#8221;top_left&#8221; background_repeat=&#8221;repeat&#8221; border_width_bottom=&#8221;1px&#8221; border_color_bottom=&#8221;#e5e5e5&#8243;][et_pb_column type=&#8221;4_4&#8243; _builder_version=&#8221;3.0.47&#8243;][et_pb_text admin_label=&#8221;nag\u0142\u00f3wek&#8221; _builder_version=&#8221;3.0.106&#8243; header_font_size=&#8221;36px&#8221; header_2_font_size=&#8221;24px&#8221;]<\/p>\n<h1>Pasta do mycia r\u0105k z balsamem<\/h1>\n<h3>\u00a0500 ml<\/h3>\n<p>[\/et_pb_text][\/et_pb_column][\/et_pb_row][\/et_pb_section][et_pb_section fb_built=&#8221;1&#8243; _builder_version=&#8221;3.22.3&#8243;][et_pb_row _builder_version=&#8221;3.22.3&#8243; border_color_top=&#8221;#efefef&#8221;][et_pb_column type=&#8221;1_2&#8243; _builder_version=&#8221;3.0.47&#8243;][et_pb_image src=&#8221;http:\/\/motorlife.pl\/plastmal-pl\/wp-content\/uploads\/2018\/05\/Pasta-do-mycia-r\u0105k-500-ml.jpg&#8221; align=&#8221;center&#8221; admin_label=&#8221;Produkt&#8221; _builder_version=&#8221;3.0.106&#8243; animation_style=&#8221;zoom&#8221;][\/et_pb_image][\/et_pb_column][et_pb_column type=&#8221;1_2&#8243; _builder_version=&#8221;3.0.47&#8243;][et_pb_text admin_label=&#8221;tytu\u0142&#8221; _builder_version=&#8221;3.0.106&#8243; header_2_line_height=&#8221;1.4em&#8221; header_4_font_size=&#8221;24px&#8221; header_4_line_height=&#8221;1.4em&#8221;]<\/p>\n<h2>Pasta z balsamem do mycia r\u0105k<\/h2>\n<p>[\/et_pb_text][et_pb_text admin_label=&#8221;kod&#8221; _builder_version=&#8221;3.0.106&#8243;]<strong>KOD PRODUKTU: A5AA-77711<br \/>\n<\/strong><br \/>\n[\/et_pb_text][et_pb_text admin_label=&#8221;opis produktu&#8221; _builder_version=&#8221;3.0.106&#8243;]<strong>Pasta do mycia r\u0105k silnie zabrudzonych z balsamem. R\u0119ce jak z alabastru! Ci\u0119\u017cko pracujesz, zas\u0142ugujesz wi\u0119c na t\u0119 past\u0119, kt\u00f3ra zosta\u0142a stworzona specjalnie do mycia r\u0105k silnie zabrudzonych np. mechanik\u00f3w w warsztatach samochodowych.<\/strong><\/p>\n<p>Pasta doskonale usuwa zabrudzenia od smar\u00f3w, olej\u00f3w, p\u0142yn\u00f3w technicznych, farb, lakier\u00f3w itp. Myje skutecznie nie tylko dzi\u0119ki \u015brodkom powierzchniowo czynnym, ale r\u00f3wnie\u017c starannie dobranemu \u015bcierowi o odpowiedniej granulacji.<\/p>\n<p>Pasta nie zawiera substancji \u017cr\u0105cych, ropopochodnych i fosforan\u00f3w. Wa\u017cnym walorem u\u017cytkowym pasty jest to, i\u017c pomimo swojej wysokiej skuteczno\u015bci dzi\u0119ki zawarto\u015bci pochodnych olej\u00f3w kokosowych, glicerynie oraz lanolinie sk\u00f3ra r\u0105k jest mi\u0119kka i nie przesuszona. Przyjazna dla sk\u00f3ry r\u0105k. Testowana dermatologicznie. Posiada neutralne pH. Podczas wielokrotnego u\u017cycia nie powoduje uszkodzenia nask\u00f3rka.<\/p>\n<p>Dzi\u0119ki wysokiej skuteczno\u015bci mycia satysfakcja gwarantowana. Pasta dost\u0119pna jest tak\u017ce w tubce o pojemno\u015bci 200 ml.<br \/>\n[\/et_pb_text][et_pb_text admin_label=&#8221;social buttons&#8221; _builder_version=&#8221;3.0.106&#8243;] <div class=\"simplesocialbuttons simplesocial-simple-round simplesocialbuttons_inline simplesocialbuttons-align-\u201dleft\u201d simplesocialbuttons-inline-bottom-in\">\n<button class=\"simplesocial-fb-share\" target=\"_blank\" data-href=\"https:\/\/www.facebook.com\/sharer\/sharer.php?u=http:\/\/motorlife.pl\/plastmal-pl\/pasta-do-mycia-rak-z-balsamem\/\" onclick=\"javascript:window.open(this.dataset.href, '', 'menubar=no,toolbar=no,resizable=yes,scrollbars=yes,height=600,width=600');return false;\"><span class=\"simplesocialtxt\">Facebook <\/span> <\/button>\n<\/div>\n [\/et_pb_text][et_pb_button button_url=&#8221;http:\/\/2clean.shoparena.pl\/pl\/p\/Pasta-do-mycia-rak-z-balsamem-500ml.-\/56&#8243; button_text=&#8221;SKLEP ON-LINE&#8221; admin_label=&#8221;button shop online&#8221; _builder_version=&#8221;3.16&#8243; custom_margin=&#8221;|||&#8221; custom_padding=&#8221;5%||5%|&#8221; button_text_size__hover_enabled=&#8221;off&#8221; button_one_text_size__hover_enabled=&#8221;off&#8221; button_two_text_size__hover_enabled=&#8221;off&#8221; button_text_color__hover_enabled=&#8221;off&#8221; button_one_text_color__hover_enabled=&#8221;off&#8221; button_two_text_color__hover_enabled=&#8221;off&#8221; button_border_width__hover_enabled=&#8221;off&#8221; button_one_border_width__hover_enabled=&#8221;off&#8221; button_two_border_width__hover_enabled=&#8221;off&#8221; button_border_color__hover_enabled=&#8221;off&#8221; button_one_border_color__hover_enabled=&#8221;off&#8221; button_two_border_color__hover_enabled=&#8221;off&#8221; button_border_radius__hover_enabled=&#8221;off&#8221; button_one_border_radius__hover_enabled=&#8221;off&#8221; button_two_border_radius__hover_enabled=&#8221;off&#8221; button_letter_spacing__hover_enabled=&#8221;off&#8221; button_one_letter_spacing__hover_enabled=&#8221;off&#8221; button_two_letter_spacing__hover_enabled=&#8221;off&#8221; button_bg_color__hover_enabled=&#8221;off&#8221; button_one_bg_color__hover_enabled=&#8221;off&#8221; button_two_bg_color__hover_enabled=&#8221;off&#8221;][\/et_pb_button][\/et_pb_column][\/et_pb_row][\/et_pb_section]<\/p>\n","protected":false},"excerpt":{"rendered":"<p>[et_pb_section fb_built=&rdquo;1&Prime; _builder_version=&rdquo;3.22.3&Prime;][et_pb_row _builder_version=&rdquo;3.22.3&Prime; background_size=&rdquo;initial&rdquo; background_position=&rdquo;top_left&rdquo; background_repeat=&rdquo;repeat&rdquo; border_width_bottom=&rdquo;1px&rdquo; border_color_bottom=&rdquo;#e5e5e5&Prime;][et_pb_column type=&rdquo;4_4&Prime; _builder_version=&rdquo;3.0.47&Prime;][et_pb_text admin_label=&rdquo;nag&#322;&oacute;wek&rdquo; _builder_version=&rdquo;3.0.106&Prime; header_font_size=&rdquo;36px&rdquo; header_2_font_size=&rdquo;24px&rdquo;] Pasta do mycia r&#261;k z balsamem &nbsp;500 ml [\/et_pb_text][\/et_pb_column][\/et_pb_row][\/et_pb_section][et_pb_section fb_built=&rdquo;1&Prime; _builder_version=&rdquo;3.22.3&Prime;][et_pb_row _builder_version=&rdquo;3.22.3&Prime; border_color_top=&rdquo;#efefef&rdquo;][et_pb_column type=&rdquo;1_2&Prime; _builder_version=&rdquo;3.0.47&Prime;][et_pb_image src=&rdquo;http:\/\/motorlife.pl\/plastmal-pl\/wp-content\/uploads\/2018\/05\/Pasta-do-mycia-r&#261;k-500-ml.jpg&rdquo; align=&rdquo;center&rdquo; admin_label=&rdquo;Produkt&rdquo; _builder_version=&rdquo;3.0.106&Prime; animation_style=&rdquo;zoom&rdquo;][\/et_pb_image][\/et_pb_column][et_pb_column type=&rdquo;1_2&Prime; _builder_version=&rdquo;3.0.47&Prime;][et_pb_text admin_label=&rdquo;tytu&#322;&rdquo; _builder_version=&rdquo;3.0.106&Prime; header_2_line_height=&rdquo;1.4em&rdquo; header_4_font_size=&rdquo;24px&rdquo; header_4_line_height=&rdquo;1.4em&rdquo;] Pasta z balsamem do mycia r&#261;k [\/et_pb_text][et_pb_text admin_label=&rdquo;kod&rdquo; _builder_version=&rdquo;3.0.106&Prime;]KOD PRODUKTU: A5AA-77711 [\/et_pb_text][et_pb_text admin_label=&rdquo;opis [&hellip;]<\/p>\n","protected":false},"author":1,"featured_media":351,"parent":0,"menu_order":0,"comment_status":"closed","ping_status":"closed","template":"","meta":{"_et_pb_use_builder":"on","_et_pb_old_content":"","footnotes":""},"class_list":["post-350","page","type-page","status-publish","has-post-thumbnail","hentry"],"_links":{"self":[{"href":"http:\/\/motorlife.pl\/plastmal-pl\/wp-json\/wp\/v2\/pages\/350","targetHints":{"allow":["GET"]}}],"collection":[{"href":"http:\/\/motorlife.pl\/plastmal-pl\/wp-json\/wp\/v2\/pages"}],"about":[{"href":"http:\/\/motorlife.pl\/plastmal-pl\/wp-json\/wp\/v2\/types\/page"}],"author":[{"embeddable":true,"href":"http:\/\/motorlife.pl\/plastmal-pl\/wp-json\/wp\/v2\/users\/1"}],"replies":[{"embeddable":true,"href":"http:\/\/motorlife.pl\/plastmal-pl\/wp-json\/wp\/v2\/comments?post=350"}],"version-history":[{"count":2,"href":"http:\/\/motorlife.pl\/plastmal-pl\/wp-json\/wp\/v2\/pages\/350\/revisions"}],"predecessor-version":[{"id":962,"href":"http:\/\/motorlife.pl\/plastmal-pl\/wp-json\/wp\/v2\/pages\/350\/revisions\/962"}],"wp:featuredmedia":[{"embeddable":true,"href":"http:\/\/motorlife.pl\/plastmal-pl\/wp-json\/wp\/v2\/media\/351"}],"wp:attachment":[{"href":"http:\/\/motorlife.pl\/plastmal-pl\/wp-json\/wp\/v2\/media?parent=350"}],"curies":[{"name":"wp","href":"https:\/\/api.w.org\/{rel}","templated":true}]}}