{"id":597,"date":"2019-03-31T09:43:14","date_gmt":"2019-03-31T09:43:14","guid":{"rendered":"http:\/\/motorlife.pl\/plastmal-pl\/?page_id=597"},"modified":"2019-10-31T17:12:03","modified_gmt":"2019-10-31T17:12:03","slug":"smar-plastyczny-litowy-z-mos2","status":"publish","type":"page","link":"http:\/\/motorlife.pl\/plastmal-pl\/smar-plastyczny-litowy-z-mos2\/","title":{"rendered":"Motor-Life 6 Professional"},"content":{"rendered":"<p>[et_pb_section fb_built=&#8221;1&#8243; _builder_version=&#8221;3.22.3&#8243;][et_pb_row _builder_version=&#8221;3.22.3&#8243; background_size=&#8221;initial&#8221; background_position=&#8221;top_left&#8221; background_repeat=&#8221;repeat&#8221; border_width_bottom=&#8221;1px&#8221; border_color_bottom=&#8221;#e5e5e5&#8243;][et_pb_column type=&#8221;4_4&#8243; _builder_version=&#8221;3.0.47&#8243;][et_pb_text admin_label=&#8221;nag\u0142\u00f3wek&#8221; _builder_version=&#8221;3.22.6&#8243; header_font_size=&#8221;36px&#8221; header_2_font_size=&#8221;24px&#8221;]<\/p>\n<h1>MOTOR-LIFE 6 Professional\u00a0<\/h1>\n<h3>Smar plastyczny litowy z MoS2<\/h3>\n<p>[\/et_pb_text][\/et_pb_column][\/et_pb_row][\/et_pb_section][et_pb_section fb_built=&#8221;1&#8243; _builder_version=&#8221;3.22.3&#8243;][et_pb_row _builder_version=&#8221;3.22.3&#8243; border_color_top=&#8221;#efefef&#8221;][et_pb_column type=&#8221;1_2&#8243; _builder_version=&#8221;3.0.47&#8243;][et_pb_gallery gallery_ids=&#8221;757,758&#8243; fullwidth=&#8221;on&#8221; _builder_version=&#8221;3.19.18&#8243;][\/et_pb_gallery][\/et_pb_column][et_pb_column type=&#8221;1_2&#8243; _builder_version=&#8221;3.0.47&#8243;][et_pb_text admin_label=&#8221;tytu\u0142&#8221; _builder_version=&#8221;3.0.106&#8243; header_2_line_height=&#8221;1.4em&#8221; header_4_font_size=&#8221;24px&#8221; header_4_line_height=&#8221;1.4em&#8221;]<\/p>\n<h2>Motor-life 6 professional .<\/h2>\n<h2>Smar plastyczny litowy z Mos2<\/h2>\n<p>[\/et_pb_text][et_pb_text admin_label=&#8221;kod&#8221; _builder_version=&#8221;3.0.106&#8243;]<\/p>\n<p><strong>Pojemno\u015b\u0107 5l: ML-0253<br \/>Pojemno\u015b\u0107 10l: ML-0260<\/strong><\/p>\n<p>[\/et_pb_text][et_pb_text admin_label=&#8221;opis produktu&#8221; _builder_version=&#8221;3.22.6&#8243;]<\/p>\n<p><span class=\"text12bold\">MOTOR-LIFE 6 PROFESSIONAL jest wyj\u0105tkowym smarem przeznaczonym do stosowania w przemy\u015ble, zawieraj\u0105cym w swojej strukturze dwusiarczek molibdenu MoS2 a tak\u017ce mi\u0119dzy innymi formu\u0142\u0119 uszlachetniaj\u0105c\u0105 metal molekularnie. <\/span><\/p>\n<p>&nbsp;<\/p>\n<p><span class=\"text12bold\">Formu\u0142a znajduj\u0105ca si\u0119 w smarze MOTOR-LIFE 6 PROFESSIONAL, wi\u0105\u017ce si\u0119 z metalem molekularnie, uszlachetniaj\u0105c go tworzy super trwa\u0142\u0105 siatk\u0119 &#8211; wi\u0105zanie molekularne odporne na dzia\u0142anie wysokich temperatur i du\u017cych obci\u0105\u017ce\u0144 mechanicznych (ekstremalne tarcie).<\/span><\/p>\n<p>&nbsp;<\/p>\n<p><span class=\"text12bold\">MOTOR-LIFE 6 PROFESSIONAL przeznaczony jest do stosowania w przemy\u015ble do ochrony mechanizm\u00f3w szczeg\u00f3lnie nara\u017conych na \u015bcieranie, a wi\u0119c: przegub\u00f3w, \u0142o\u017cysk tocznych, \u0142o\u017cysk \u015blizgowych, k\u00f3\u0142 z\u0119batych, prowadnic, suwnic, sworzni, \u015brub i innych element\u00f3w monta\u017cowych gdzie wyst\u0119puje zjawisko korozji stykowej lub zapiekania si\u0119 po\u0142\u0105cze\u0144 (po\u0142\u0105czenia spoczynkowe sworzni i osi). Smar skutecznie przeciwdzia\u0142a tym problemom. Odporny na dzia\u0142anie wody i innych czynnik\u00f3w atmosferycznych.<\/span><\/p>\n<p>&nbsp;<\/p>\n<p><span style=\"font-size: 14px;\"><span><strong><span style=\"color: #e02b20;\">U\u017cytkownicy stosuj\u0105cy smar Motor-Life 6 PROFESSIONAL zaobserwowali to , co potwierdzi\u0142y badania : po zastosowaniu smaru uzyskano 2-3 krotnie d\u0142u\u017cszy mi\u0119dzynaprawczy czas pracy element\u00f3w tr\u0105cych tj. przegub\u00f3w , \u0142o\u017cysk , tulei , sworzni , \u0142a\u0144cuch\u00f3w itp. \u00a0w por\u00f3wnaniu do stosowanych wcze\u015bniej specjalistycznych smar\u00f3w renomowanych firm \u015bwiatowych . Nast\u0105pi\u0142o to dzi\u0119ki wytworzeniu si\u0119 siatki molekularnej na metalu ( patrz : &#8221; referencje &#8221; ).\u00a0<\/span><\/strong><\/span><\/span><\/p>\n<p>&nbsp;<\/p>\n<p><span style=\"font-size: 14px;\">MOTOR-LIFE 6 PROFESSIONAL zapewnia bardzo dobr\u0105 ochron\u0119 przed korozj\u0105. Zakres temperatur pracy <span class=\"text12bold\">od -30\u00baC do +135\u00baC.<\/span><\/span><\/p>\n<p>&nbsp;<\/p>\n<p><span class=\"text12bold\">Produkt trudnopalny, antyelektrostatyczny i nietoksyczny.<\/span><\/p>\n<p>&nbsp;<\/p>\n<p>[\/et_pb_text][et_pb_text admin_label=&#8221;social buttons&#8221; _builder_version=&#8221;3.0.106&#8243;]<div class=\"simplesocialbuttons simplesocial-simple-round simplesocialbuttons_inline simplesocialbuttons-align-\u201dleft\u201d simplesocialbuttons-inline-bottom-in\">\n<button class=\"simplesocial-fb-share\" target=\"_blank\" data-href=\"https:\/\/www.facebook.com\/sharer\/sharer.php?u=http:\/\/motorlife.pl\/plastmal-pl\/smar-plastyczny-litowy-z-mos2\/\" onclick=\"javascript:window.open(this.dataset.href, '', 'menubar=no,toolbar=no,resizable=yes,scrollbars=yes,height=600,width=600');return false;\"><span class=\"simplesocialtxt\">Facebook <\/span> <\/button>\n<\/div>\n<br \/>\n[\/et_pb_text][\/et_pb_column][\/et_pb_row][\/et_pb_section]<\/p>\n","protected":false},"excerpt":{"rendered":"<p>[et_pb_section fb_built=&rdquo;1&Prime; _builder_version=&rdquo;3.22.3&Prime;][et_pb_row _builder_version=&rdquo;3.22.3&Prime; background_size=&rdquo;initial&rdquo; background_position=&rdquo;top_left&rdquo; background_repeat=&rdquo;repeat&rdquo; border_width_bottom=&rdquo;1px&rdquo; border_color_bottom=&rdquo;#e5e5e5&Prime;][et_pb_column type=&rdquo;4_4&Prime; _builder_version=&rdquo;3.0.47&Prime;][et_pb_text admin_label=&rdquo;nag&#322;&oacute;wek&rdquo; _builder_version=&rdquo;3.22.6&Prime; header_font_size=&rdquo;36px&rdquo; header_2_font_size=&rdquo;24px&rdquo;] MOTOR-LIFE 6 Professional&nbsp; Smar plastyczny litowy z MoS2 [\/et_pb_text][\/et_pb_column][\/et_pb_row][\/et_pb_section][et_pb_section fb_built=&rdquo;1&Prime; _builder_version=&rdquo;3.22.3&Prime;][et_pb_row _builder_version=&rdquo;3.22.3&Prime; border_color_top=&rdquo;#efefef&rdquo;][et_pb_column type=&rdquo;1_2&Prime; _builder_version=&rdquo;3.0.47&Prime;][et_pb_gallery gallery_ids=&rdquo;757,758&Prime; fullwidth=&rdquo;on&rdquo; _builder_version=&rdquo;3.19.18&Prime;][\/et_pb_gallery][\/et_pb_column][et_pb_column type=&rdquo;1_2&Prime; _builder_version=&rdquo;3.0.47&Prime;][et_pb_text admin_label=&rdquo;tytu&#322;&rdquo; _builder_version=&rdquo;3.0.106&Prime; header_2_line_height=&rdquo;1.4em&rdquo; header_4_font_size=&rdquo;24px&rdquo; header_4_line_height=&rdquo;1.4em&rdquo;] Motor-life 6 professional . Smar plastyczny litowy z Mos2 [\/et_pb_text][et_pb_text admin_label=&rdquo;kod&rdquo; _builder_version=&rdquo;3.0.106&Prime;] Pojemno&#347;&#263; 5l: ML-0253Pojemno&#347;&#263; [&hellip;]<\/p>\n","protected":false},"author":1,"featured_media":0,"parent":0,"menu_order":0,"comment_status":"closed","ping_status":"closed","template":"","meta":{"_et_pb_use_builder":"on","_et_pb_old_content":"","footnotes":""},"class_list":["post-597","page","type-page","status-publish","hentry"],"_links":{"self":[{"href":"http:\/\/motorlife.pl\/plastmal-pl\/wp-json\/wp\/v2\/pages\/597","targetHints":{"allow":["GET"]}}],"collection":[{"href":"http:\/\/motorlife.pl\/plastmal-pl\/wp-json\/wp\/v2\/pages"}],"about":[{"href":"http:\/\/motorlife.pl\/plastmal-pl\/wp-json\/wp\/v2\/types\/page"}],"author":[{"embeddable":true,"href":"http:\/\/motorlife.pl\/plastmal-pl\/wp-json\/wp\/v2\/users\/1"}],"replies":[{"embeddable":true,"href":"http:\/\/motorlife.pl\/plastmal-pl\/wp-json\/wp\/v2\/comments?post=597"}],"version-history":[{"count":9,"href":"http:\/\/motorlife.pl\/plastmal-pl\/wp-json\/wp\/v2\/pages\/597\/revisions"}],"predecessor-version":[{"id":1049,"href":"http:\/\/motorlife.pl\/plastmal-pl\/wp-json\/wp\/v2\/pages\/597\/revisions\/1049"}],"wp:attachment":[{"href":"http:\/\/motorlife.pl\/plastmal-pl\/wp-json\/wp\/v2\/media?parent=597"}],"curies":[{"name":"wp","href":"https:\/\/api.w.org\/{rel}","templated":true}]}}