{"id":612,"date":"2019-03-31T10:21:12","date_gmt":"2019-03-31T10:21:12","guid":{"rendered":"http:\/\/motorlife.pl\/plastmal-pl\/?page_id=612"},"modified":"2019-10-30T15:40:35","modified_gmt":"2019-10-30T15:40:35","slug":"penetrator-motor-life-professional-9","status":"publish","type":"page","link":"http:\/\/motorlife.pl\/plastmal-pl\/penetrator-motor-life-professional-9\/","title":{"rendered":"Motor-Life 9 Professional"},"content":{"rendered":"<p>[et_pb_section fb_built=&#8221;1&#8243; _builder_version=&#8221;3.22.3&#8243;][et_pb_row _builder_version=&#8221;3.22.3&#8243; background_size=&#8221;initial&#8221; background_position=&#8221;top_left&#8221; background_repeat=&#8221;repeat&#8221; border_width_bottom=&#8221;1px&#8221; border_color_bottom=&#8221;#e5e5e5&#8243;][et_pb_column type=&#8221;4_4&#8243; _builder_version=&#8221;3.0.47&#8243;][et_pb_text admin_label=&#8221;nag\u0142\u00f3wek&#8221; _builder_version=&#8221;3.0.106&#8243; header_font_size=&#8221;36px&#8221; header_2_font_size=&#8221;24px&#8221;]<\/p>\n<h1><a href=\"http:\/\/www.motorlife.pl\/plastmal-pl\/professional\/pages\/products.php?produktid=146&amp;lang=pl\" target=\"_parent\" class=\"link12bold\" rel=\"noopener noreferrer\">MOTOR-LIFE 9 Professional <\/a><\/h1>\n<h3><span class=\"text12bold\">Preparat penetruj\u0105co-smaruj\u0105cy<\/span><\/h3>\n<p>[\/et_pb_text][\/et_pb_column][\/et_pb_row][\/et_pb_section][et_pb_section fb_built=&#8221;1&#8243; _builder_version=&#8221;3.22.3&#8243;][et_pb_row _builder_version=&#8221;3.22.3&#8243; border_color_top=&#8221;#efefef&#8221;][et_pb_column type=&#8221;1_2&#8243; _builder_version=&#8221;3.0.47&#8243;][et_pb_gallery gallery_ids=&#8221;760&#8243; fullwidth=&#8221;on&#8221; _builder_version=&#8221;3.19.18&#8243;][\/et_pb_gallery][\/et_pb_column][et_pb_column type=&#8221;1_2&#8243; _builder_version=&#8221;3.0.47&#8243;][et_pb_text admin_label=&#8221;tytu\u0142&#8221; _builder_version=&#8221;3.0.106&#8243; header_2_line_height=&#8221;1.4em&#8221; header_4_font_size=&#8221;24px&#8221; header_4_line_height=&#8221;1.4em&#8221;]<\/p>\n<h2>Motor-life 9 professional\u00a0<\/h2>\n<h2><span class=\"text12bold\">penetrator<\/span><\/h2>\n<p>[\/et_pb_text][et_pb_text admin_label=&#8221;kod&#8221; _builder_version=&#8221;3.0.106&#8243;]<\/p>\n<p><strong>Pojemno\u015b\u0107 5l: ML-0048<br \/>Pojemno\u015b\u0107 10l: ML-0031<\/strong><\/p>\n<p>[\/et_pb_text][et_pb_text admin_label=&#8221;opis produktu&#8221; _builder_version=&#8221;3.0.106&#8243;]<\/p>\n<p><span class=\"text12bold\">Preparat penetruj\u0105co-smaruj\u0105cy zawieraj\u0105cy formu\u0142\u0119 uszlachetniaj\u0105c\u0105 metal molekularnie.<\/span><\/p>\n<p><span class=\"text12bold\">MOTOR-LIFE 9 PROFESSIONAL &#8211; jest wyj\u0105tkowym penetratorem zawieraj\u0105cym w swojej strukturze mi\u0119dzy innymi formu\u0142\u0119 uszlachetniaj\u0105c\u0105 metal molekularnie.<\/span><\/p>\n<p><span class=\"text12bold\">MOTOR-LIFE 9 PROFESSIONAL penetruje i poluzowuje zardzewia\u0142e, skorodowane i zapieczone \u015bruby, nakr\u0119tki, sworznie, przeguby, linki i inne z\u0142\u0105cza. Jednocze\u015bnie formu\u0142a, znajduj\u0105ca si\u0119 w penetratorze, \u0142\u0105czy si\u0119 z metalem molekularnie (\u015bruba, gwint) podczas odkr\u0119cania zapieczonych element\u00f3w.<\/span><\/p>\n<p><span class=\"text12bold\">Efektem tego dzia\u0142ania jest odkr\u0119canie zapieczonych element\u00f3w przy u\u017cyciu mniejszej si\u0142y.<\/span><\/p>\n<p>[\/et_pb_text][et_pb_text admin_label=&#8221;social buttons&#8221; _builder_version=&#8221;3.0.106&#8243;]<div class=\"simplesocialbuttons simplesocial-simple-round simplesocialbuttons_inline simplesocialbuttons-align-\u201dleft\u201d simplesocialbuttons-inline-bottom-in\">\n<button class=\"simplesocial-fb-share\" target=\"_blank\" data-href=\"https:\/\/www.facebook.com\/sharer\/sharer.php?u=http:\/\/motorlife.pl\/plastmal-pl\/penetrator-motor-life-professional-9\/\" onclick=\"javascript:window.open(this.dataset.href, '', 'menubar=no,toolbar=no,resizable=yes,scrollbars=yes,height=600,width=600');return false;\"><span class=\"simplesocialtxt\">Facebook <\/span> <\/button>\n<\/div>\n<br \/>\n[\/et_pb_text][\/et_pb_column][\/et_pb_row][\/et_pb_section]<\/p>\n","protected":false},"excerpt":{"rendered":"<p>[et_pb_section fb_built=&rdquo;1&Prime; _builder_version=&rdquo;3.22.3&Prime;][et_pb_row _builder_version=&rdquo;3.22.3&Prime; background_size=&rdquo;initial&rdquo; background_position=&rdquo;top_left&rdquo; background_repeat=&rdquo;repeat&rdquo; border_width_bottom=&rdquo;1px&rdquo; border_color_bottom=&rdquo;#e5e5e5&Prime;][et_pb_column type=&rdquo;4_4&Prime; _builder_version=&rdquo;3.0.47&Prime;][et_pb_text admin_label=&rdquo;nag&#322;&oacute;wek&rdquo; _builder_version=&rdquo;3.0.106&Prime; header_font_size=&rdquo;36px&rdquo; header_2_font_size=&rdquo;24px&rdquo;] MOTOR-LIFE 9 Professional Preparat penetruj&#261;co-smaruj&#261;cy [\/et_pb_text][\/et_pb_column][\/et_pb_row][\/et_pb_section][et_pb_section fb_built=&rdquo;1&Prime; _builder_version=&rdquo;3.22.3&Prime;][et_pb_row _builder_version=&rdquo;3.22.3&Prime; border_color_top=&rdquo;#efefef&rdquo;][et_pb_column type=&rdquo;1_2&Prime; _builder_version=&rdquo;3.0.47&Prime;][et_pb_gallery gallery_ids=&rdquo;760&Prime; fullwidth=&rdquo;on&rdquo; _builder_version=&rdquo;3.19.18&Prime;][\/et_pb_gallery][\/et_pb_column][et_pb_column type=&rdquo;1_2&Prime; _builder_version=&rdquo;3.0.47&Prime;][et_pb_text admin_label=&rdquo;tytu&#322;&rdquo; _builder_version=&rdquo;3.0.106&Prime; header_2_line_height=&rdquo;1.4em&rdquo; header_4_font_size=&rdquo;24px&rdquo; header_4_line_height=&rdquo;1.4em&rdquo;] Motor-life 9 professional&nbsp; penetrator [\/et_pb_text][et_pb_text admin_label=&rdquo;kod&rdquo; _builder_version=&rdquo;3.0.106&Prime;] Pojemno&#347;&#263; 5l: ML-0048Pojemno&#347;&#263; 10l: ML-0031 [\/et_pb_text][et_pb_text admin_label=&rdquo;opis produktu&rdquo; _builder_version=&rdquo;3.0.106&Prime;] Preparat penetruj&#261;co-smaruj&#261;cy [&hellip;]<\/p>\n","protected":false},"author":1,"featured_media":0,"parent":0,"menu_order":0,"comment_status":"closed","ping_status":"closed","template":"","meta":{"_et_pb_use_builder":"on","_et_pb_old_content":"","footnotes":""},"class_list":["post-612","page","type-page","status-publish","hentry"],"_links":{"self":[{"href":"http:\/\/motorlife.pl\/plastmal-pl\/wp-json\/wp\/v2\/pages\/612","targetHints":{"allow":["GET"]}}],"collection":[{"href":"http:\/\/motorlife.pl\/plastmal-pl\/wp-json\/wp\/v2\/pages"}],"about":[{"href":"http:\/\/motorlife.pl\/plastmal-pl\/wp-json\/wp\/v2\/types\/page"}],"author":[{"embeddable":true,"href":"http:\/\/motorlife.pl\/plastmal-pl\/wp-json\/wp\/v2\/users\/1"}],"replies":[{"embeddable":true,"href":"http:\/\/motorlife.pl\/plastmal-pl\/wp-json\/wp\/v2\/comments?post=612"}],"version-history":[{"count":6,"href":"http:\/\/motorlife.pl\/plastmal-pl\/wp-json\/wp\/v2\/pages\/612\/revisions"}],"predecessor-version":[{"id":908,"href":"http:\/\/motorlife.pl\/plastmal-pl\/wp-json\/wp\/v2\/pages\/612\/revisions\/908"}],"wp:attachment":[{"href":"http:\/\/motorlife.pl\/plastmal-pl\/wp-json\/wp\/v2\/media?parent=612"}],"curies":[{"name":"wp","href":"https:\/\/api.w.org\/{rel}","templated":true}]}}